{"id":1602,"date":"2023-10-26T10:54:25","date_gmt":"2023-10-26T08:54:25","guid":{"rendered":"https:\/\/test.lab.cor2ed.com\/wfh-sdm\/?page_id=1602"},"modified":"2023-10-26T20:40:18","modified_gmt":"2023-10-26T18:40:18","slug":"summary-questions-for-your-health-care-team-es","status":"publish","type":"page","link":"https:\/\/test.lab.cor2ed.com\/wfh-sdm\/es\/summary-es\/summary-questions-for-your-health-care-team-es\/","title":{"rendered":"Preguntas para su equipo de atenci\u00f3n m\u00e9dica"},"content":{"rendered":"<p>Preguntas para su equipo de atenci\u00f3n m\u00e9dica<\/p>\n","protected":false},"excerpt":{"rendered":"<p>Preguntas para su equipo de atenci\u00f3n m\u00e9dica<\/p>\n","protected":false},"author":1,"featured_media":0,"parent":1600,"menu_order":14,"comment_status":"closed","ping_status":"closed","template":"","meta":{"footnotes":""},"class_list":["post-1602","page","type-page","status-publish","hentry"],"_links":{"self":[{"href":"https:\/\/test.lab.cor2ed.com\/wfh-sdm\/wp-json\/wp\/v2\/pages\/1602","targetHints":{"allow":["GET"]}}],"collection":[{"href":"https:\/\/test.lab.cor2ed.com\/wfh-sdm\/wp-json\/wp\/v2\/pages"}],"about":[{"href":"https:\/\/test.lab.cor2ed.com\/wfh-sdm\/wp-json\/wp\/v2\/types\/page"}],"author":[{"embeddable":true,"href":"https:\/\/test.lab.cor2ed.com\/wfh-sdm\/wp-json\/wp\/v2\/users\/1"}],"replies":[{"embeddable":true,"href":"https:\/\/test.lab.cor2ed.com\/wfh-sdm\/wp-json\/wp\/v2\/comments?post=1602"}],"version-history":[{"count":2,"href":"https:\/\/test.lab.cor2ed.com\/wfh-sdm\/wp-json\/wp\/v2\/pages\/1602\/revisions"}],"predecessor-version":[{"id":1735,"href":"https:\/\/test.lab.cor2ed.com\/wfh-sdm\/wp-json\/wp\/v2\/pages\/1602\/revisions\/1735"}],"up":[{"embeddable":true,"href":"https:\/\/test.lab.cor2ed.com\/wfh-sdm\/wp-json\/wp\/v2\/pages\/1600"}],"wp:attachment":[{"href":"https:\/\/test.lab.cor2ed.com\/wfh-sdm\/wp-json\/wp\/v2\/media?parent=1602"}],"curies":[{"name":"wp","href":"https:\/\/api.w.org\/{rel}","templated":true}]}}