{"id":1614,"date":"2023-10-26T11:00:51","date_gmt":"2023-10-26T09:00:51","guid":{"rendered":"https:\/\/test.lab.cor2ed.com\/wfh-sdm\/?page_id=1614"},"modified":"2023-10-26T20:38:26","modified_gmt":"2023-10-26T18:38:26","slug":"introduction-who-this-tool-is-for-fr","status":"publish","type":"page","link":"https:\/\/test.lab.cor2ed.com\/wfh-sdm\/fr\/introduction-fr\/introduction-who-this-tool-is-for-fr\/","title":{"rendered":"\u00c0 qui est destin\u00e9 cet outil"},"content":{"rendered":"<p>\u00c0 qui est destin\u00e9 cet outil<\/p>\n","protected":false},"excerpt":{"rendered":"<p>\u00c0 qui est destin\u00e9 cet outil<\/p>\n","protected":false},"author":1,"featured_media":0,"parent":1608,"menu_order":4,"comment_status":"closed","ping_status":"closed","template":"","meta":{"footnotes":""},"class_list":["post-1614","page","type-page","status-publish","hentry"],"_links":{"self":[{"href":"https:\/\/test.lab.cor2ed.com\/wfh-sdm\/wp-json\/wp\/v2\/pages\/1614","targetHints":{"allow":["GET"]}}],"collection":[{"href":"https:\/\/test.lab.cor2ed.com\/wfh-sdm\/wp-json\/wp\/v2\/pages"}],"about":[{"href":"https:\/\/test.lab.cor2ed.com\/wfh-sdm\/wp-json\/wp\/v2\/types\/page"}],"author":[{"embeddable":true,"href":"https:\/\/test.lab.cor2ed.com\/wfh-sdm\/wp-json\/wp\/v2\/users\/1"}],"replies":[{"embeddable":true,"href":"https:\/\/test.lab.cor2ed.com\/wfh-sdm\/wp-json\/wp\/v2\/comments?post=1614"}],"version-history":[{"count":3,"href":"https:\/\/test.lab.cor2ed.com\/wfh-sdm\/wp-json\/wp\/v2\/pages\/1614\/revisions"}],"predecessor-version":[{"id":1723,"href":"https:\/\/test.lab.cor2ed.com\/wfh-sdm\/wp-json\/wp\/v2\/pages\/1614\/revisions\/1723"}],"up":[{"embeddable":true,"href":"https:\/\/test.lab.cor2ed.com\/wfh-sdm\/wp-json\/wp\/v2\/pages\/1608"}],"wp:attachment":[{"href":"https:\/\/test.lab.cor2ed.com\/wfh-sdm\/wp-json\/wp\/v2\/media?parent=1614"}],"curies":[{"name":"wp","href":"https:\/\/api.w.org\/{rel}","templated":true}]}}