{"id":1617,"date":"2023-10-26T11:01:21","date_gmt":"2023-10-26T09:01:21","guid":{"rendered":"https:\/\/test.lab.cor2ed.com\/wfh-sdm\/?page_id=1617"},"modified":"2023-10-26T20:38:31","modified_gmt":"2023-10-26T18:38:31","slug":"introduction-the-sdm-journey-fr","status":"publish","type":"page","link":"https:\/\/test.lab.cor2ed.com\/wfh-sdm\/fr\/introduction-fr\/introduction-the-sdm-journey-fr\/","title":{"rendered":"Le processus de d\u00e9cision partag\u00e9e"},"content":{"rendered":"<p>Le processus de d\u00e9cision partag\u00e9e<\/p>\n","protected":false},"excerpt":{"rendered":"<p>Le processus de d\u00e9cision partag\u00e9e<\/p>\n","protected":false},"author":1,"featured_media":0,"parent":1608,"menu_order":5,"comment_status":"closed","ping_status":"closed","template":"","meta":{"footnotes":""},"class_list":["post-1617","page","type-page","status-publish","hentry"],"_links":{"self":[{"href":"https:\/\/test.lab.cor2ed.com\/wfh-sdm\/wp-json\/wp\/v2\/pages\/1617","targetHints":{"allow":["GET"]}}],"collection":[{"href":"https:\/\/test.lab.cor2ed.com\/wfh-sdm\/wp-json\/wp\/v2\/pages"}],"about":[{"href":"https:\/\/test.lab.cor2ed.com\/wfh-sdm\/wp-json\/wp\/v2\/types\/page"}],"author":[{"embeddable":true,"href":"https:\/\/test.lab.cor2ed.com\/wfh-sdm\/wp-json\/wp\/v2\/users\/1"}],"replies":[{"embeddable":true,"href":"https:\/\/test.lab.cor2ed.com\/wfh-sdm\/wp-json\/wp\/v2\/comments?post=1617"}],"version-history":[{"count":3,"href":"https:\/\/test.lab.cor2ed.com\/wfh-sdm\/wp-json\/wp\/v2\/pages\/1617\/revisions"}],"predecessor-version":[{"id":1724,"href":"https:\/\/test.lab.cor2ed.com\/wfh-sdm\/wp-json\/wp\/v2\/pages\/1617\/revisions\/1724"}],"up":[{"embeddable":true,"href":"https:\/\/test.lab.cor2ed.com\/wfh-sdm\/wp-json\/wp\/v2\/pages\/1608"}],"wp:attachment":[{"href":"https:\/\/test.lab.cor2ed.com\/wfh-sdm\/wp-json\/wp\/v2\/media?parent=1617"}],"curies":[{"name":"wp","href":"https:\/\/api.w.org\/{rel}","templated":true}]}}