{"id":1622,"date":"2023-10-26T11:02:42","date_gmt":"2023-10-26T09:02:42","guid":{"rendered":"https:\/\/test.lab.cor2ed.com\/wfh-sdm\/?page_id=1622"},"modified":"2023-10-26T20:39:07","modified_gmt":"2023-10-26T18:39:07","slug":"reflection-select-you-hemophilia-type-fr","status":"publish","type":"page","link":"https:\/\/test.lab.cor2ed.com\/wfh-sdm\/fr\/reflection-fr\/reflection-select-you-hemophilia-type-fr\/","title":{"rendered":"S\u00e9lectionnez le type d\u2019h\u00e9mophilie dont vous \u00eates atteint"},"content":{"rendered":"<p>S\u00e9lectionnez le type d\u2019h\u00e9mophilie dont vous \u00eates atteint<\/p>\n","protected":false},"excerpt":{"rendered":"<p>S\u00e9lectionnez le type d\u2019h\u00e9mophilie dont vous \u00eates atteint<\/p>\n","protected":false},"author":1,"featured_media":0,"parent":1620,"menu_order":7,"comment_status":"closed","ping_status":"closed","template":"","meta":{"footnotes":""},"class_list":["post-1622","page","type-page","status-publish","hentry"],"_links":{"self":[{"href":"https:\/\/test.lab.cor2ed.com\/wfh-sdm\/wp-json\/wp\/v2\/pages\/1622","targetHints":{"allow":["GET"]}}],"collection":[{"href":"https:\/\/test.lab.cor2ed.com\/wfh-sdm\/wp-json\/wp\/v2\/pages"}],"about":[{"href":"https:\/\/test.lab.cor2ed.com\/wfh-sdm\/wp-json\/wp\/v2\/types\/page"}],"author":[{"embeddable":true,"href":"https:\/\/test.lab.cor2ed.com\/wfh-sdm\/wp-json\/wp\/v2\/users\/1"}],"replies":[{"embeddable":true,"href":"https:\/\/test.lab.cor2ed.com\/wfh-sdm\/wp-json\/wp\/v2\/comments?post=1622"}],"version-history":[{"count":3,"href":"https:\/\/test.lab.cor2ed.com\/wfh-sdm\/wp-json\/wp\/v2\/pages\/1622\/revisions"}],"predecessor-version":[{"id":1728,"href":"https:\/\/test.lab.cor2ed.com\/wfh-sdm\/wp-json\/wp\/v2\/pages\/1622\/revisions\/1728"}],"up":[{"embeddable":true,"href":"https:\/\/test.lab.cor2ed.com\/wfh-sdm\/wp-json\/wp\/v2\/pages\/1620"}],"wp:attachment":[{"href":"https:\/\/test.lab.cor2ed.com\/wfh-sdm\/wp-json\/wp\/v2\/media?parent=1622"}],"curies":[{"name":"wp","href":"https:\/\/api.w.org\/{rel}","templated":true}]}}